{"id":87,"date":"2019-10-24T15:25:12","date_gmt":"2019-10-24T12:25:12","guid":{"rendered":"http:\/\/demo.safirtema.com\/delta\/?page_id=87"},"modified":"2019-10-24T15:28:39","modified_gmt":"2019-10-24T12:28:39","slug":"cozum-ortaklari","status":"publish","type":"page","link":"https:\/\/eneshaliyikama.com\/index.php\/cozum-ortaklari\/","title":{"rendered":"\u00c7\u00f6z\u00fcm Ortaklar\u0131"},"content":{"rendered":"\n<ul class=\"wp-block-gallery columns-3 is-cropped wp-block-gallery-1 is-layout-flex wp-block-gallery-is-layout-flex\"><li class=\"blocks-gallery-item\"><figure><img loading=\"lazy\" decoding=\"async\" width=\"1000\" height=\"171\" src=\"https:\/\/eneshaliyikama.com\/wp-content\/uploads\/2019\/10\/atorka.png\" alt=\"\" data-id=\"88\" data-link=\"https:\/\/eneshaliyikama.com\/?attachment_id=88\" class=\"wp-image-88\" srcset=\"https:\/\/eneshaliyikama.com\/wp-content\/uploads\/2019\/10\/atorka.png 1000w, https:\/\/eneshaliyikama.com\/wp-content\/uploads\/2019\/10\/atorka-300x51.png 300w, https:\/\/eneshaliyikama.com\/wp-content\/uploads\/2019\/10\/atorka-768x131.png 768w\" sizes=\"auto, (max-width: 1000px) 100vw, 1000px\" \/><\/figure><\/li><li class=\"blocks-gallery-item\"><figure><img loading=\"lazy\" decoding=\"async\" width=\"1000\" height=\"405\" src=\"https:\/\/eneshaliyikama.com\/wp-content\/uploads\/2019\/10\/campking.png\" alt=\"\" data-id=\"89\" data-link=\"https:\/\/eneshaliyikama.com\/?attachment_id=89\" class=\"wp-image-89\" srcset=\"https:\/\/eneshaliyikama.com\/wp-content\/uploads\/2019\/10\/campking.png 1000w, https:\/\/eneshaliyikama.com\/wp-content\/uploads\/2019\/10\/campking-300x122.png 300w, https:\/\/eneshaliyikama.com\/wp-content\/uploads\/2019\/10\/campking-768x311.png 768w\" sizes=\"auto, (max-width: 1000px) 100vw, 1000px\" \/><\/figure><\/li><li class=\"blocks-gallery-item\"><figure><img loading=\"lazy\" decoding=\"async\" width=\"1024\" height=\"383\" src=\"https:\/\/eneshaliyikama.com\/wp-content\/uploads\/2019\/10\/ferrino-1024x383.png\" alt=\"\" data-id=\"90\" data-link=\"https:\/\/eneshaliyikama.com\/?attachment_id=90\" class=\"wp-image-90\" srcset=\"https:\/\/eneshaliyikama.com\/wp-content\/uploads\/2019\/10\/ferrino-1024x383.png 1024w, https:\/\/eneshaliyikama.com\/wp-content\/uploads\/2019\/10\/ferrino-300x112.png 300w, https:\/\/eneshaliyikama.com\/wp-content\/uploads\/2019\/10\/ferrino-768x287.png 768w, https:\/\/eneshaliyikama.com\/wp-content\/uploads\/2019\/10\/ferrino.png 1233w\" sizes=\"auto, (max-width: 1024px) 100vw, 1024px\" \/><\/figure><\/li><li class=\"blocks-gallery-item\"><figure><img loading=\"lazy\" decoding=\"async\" width=\"563\" height=\"85\" src=\"https:\/\/eneshaliyikama.com\/wp-content\/uploads\/2019\/10\/husky.png\" alt=\"\" data-id=\"91\" data-link=\"https:\/\/eneshaliyikama.com\/?attachment_id=91\" class=\"wp-image-91\" srcset=\"https:\/\/eneshaliyikama.com\/wp-content\/uploads\/2019\/10\/husky.png 563w, https:\/\/eneshaliyikama.com\/wp-content\/uploads\/2019\/10\/husky-300x45.png 300w\" sizes=\"auto, (max-width: 563px) 100vw, 563px\" \/><\/figure><\/li><li class=\"blocks-gallery-item\"><figure><img loading=\"lazy\" decoding=\"async\" width=\"544\" height=\"67\" src=\"https:\/\/eneshaliyikama.com\/wp-content\/uploads\/2019\/10\/makalu.png\" alt=\"\" data-id=\"92\" data-link=\"https:\/\/eneshaliyikama.com\/?attachment_id=92\" class=\"wp-image-92\" srcset=\"https:\/\/eneshaliyikama.com\/wp-content\/uploads\/2019\/10\/makalu.png 544w, https:\/\/eneshaliyikama.com\/wp-content\/uploads\/2019\/10\/makalu-300x37.png 300w\" sizes=\"auto, (max-width: 544px) 100vw, 544px\" \/><\/figure><\/li><li class=\"blocks-gallery-item\"><figure><img loading=\"lazy\" decoding=\"async\" width=\"1000\" height=\"667\" src=\"https:\/\/eneshaliyikama.com\/wp-content\/uploads\/2019\/10\/msr.png\" alt=\"\" data-id=\"93\" data-link=\"https:\/\/eneshaliyikama.com\/?attachment_id=93\" class=\"wp-image-93\" srcset=\"https:\/\/eneshaliyikama.com\/wp-content\/uploads\/2019\/10\/msr.png 1000w, https:\/\/eneshaliyikama.com\/wp-content\/uploads\/2019\/10\/msr-300x200.png 300w, https:\/\/eneshaliyikama.com\/wp-content\/uploads\/2019\/10\/msr-768x512.png 768w\" sizes=\"auto, (max-width: 1000px) 100vw, 1000px\" \/><\/figure><\/li><li class=\"blocks-gallery-item\"><figure><img loading=\"lazy\" decoding=\"async\" width=\"1000\" height=\"143\" src=\"https:\/\/eneshaliyikama.com\/wp-content\/uploads\/2019\/10\/quechua.png\" alt=\"\" data-id=\"95\" data-link=\"https:\/\/eneshaliyikama.com\/?attachment_id=95\" class=\"wp-image-95\" srcset=\"https:\/\/eneshaliyikama.com\/wp-content\/uploads\/2019\/10\/quechua.png 1000w, https:\/\/eneshaliyikama.com\/wp-content\/uploads\/2019\/10\/quechua-300x43.png 300w, https:\/\/eneshaliyikama.com\/wp-content\/uploads\/2019\/10\/quechua-768x110.png 768w\" sizes=\"auto, (max-width: 1000px) 100vw, 1000px\" \/><\/figure><\/li><li class=\"blocks-gallery-item\"><figure><img loading=\"lazy\" decoding=\"async\" width=\"600\" height=\"349\" src=\"https:\/\/eneshaliyikama.com\/wp-content\/uploads\/2019\/10\/salewa.png\" alt=\"\" data-id=\"96\" data-link=\"https:\/\/eneshaliyikama.com\/?attachment_id=96\" class=\"wp-image-96\" srcset=\"https:\/\/eneshaliyikama.com\/wp-content\/uploads\/2019\/10\/salewa.png 600w, https:\/\/eneshaliyikama.com\/wp-content\/uploads\/2019\/10\/salewa-300x175.png 300w\" sizes=\"auto, (max-width: 600px) 100vw, 600px\" \/><\/figure><\/li><li class=\"blocks-gallery-item\"><figure><img loading=\"lazy\" decoding=\"async\" width=\"867\" height=\"477\" src=\"https:\/\/eneshaliyikama.com\/wp-content\/uploads\/2019\/10\/naturehike-1.png\" alt=\"\" data-id=\"98\" data-link=\"https:\/\/eneshaliyikama.com\/cozum-ortaklari\/naturehike-1\/\" class=\"wp-image-98\" srcset=\"https:\/\/eneshaliyikama.com\/wp-content\/uploads\/2019\/10\/naturehike-1.png 867w, https:\/\/eneshaliyikama.com\/wp-content\/uploads\/2019\/10\/naturehike-1-300x165.png 300w, https:\/\/eneshaliyikama.com\/wp-content\/uploads\/2019\/10\/naturehike-1-768x423.png 768w\" sizes=\"auto, (max-width: 867px) 100vw, 867px\" \/><\/figure><\/li><\/ul>\n","protected":false},"excerpt":{"rendered":"","protected":false},"author":1,"featured_media":0,"parent":0,"menu_order":0,"comment_status":"closed","ping_status":"closed","template":"pages\/page-references.php","meta":{"footnotes":""},"class_list":["post-87","page","type-page","status-publish","hentry"],"_links":{"self":[{"href":"https:\/\/eneshaliyikama.com\/index.php\/wp-json\/wp\/v2\/pages\/87","targetHints":{"allow":["GET"]}}],"collection":[{"href":"https:\/\/eneshaliyikama.com\/index.php\/wp-json\/wp\/v2\/pages"}],"about":[{"href":"https:\/\/eneshaliyikama.com\/index.php\/wp-json\/wp\/v2\/types\/page"}],"author":[{"embeddable":true,"href":"https:\/\/eneshaliyikama.com\/index.php\/wp-json\/wp\/v2\/users\/1"}],"replies":[{"embeddable":true,"href":"https:\/\/eneshaliyikama.com\/index.php\/wp-json\/wp\/v2\/comments?post=87"}],"version-history":[{"count":2,"href":"https:\/\/eneshaliyikama.com\/index.php\/wp-json\/wp\/v2\/pages\/87\/revisions"}],"predecessor-version":[{"id":99,"href":"https:\/\/eneshaliyikama.com\/index.php\/wp-json\/wp\/v2\/pages\/87\/revisions\/99"}],"wp:attachment":[{"href":"https:\/\/eneshaliyikama.com\/index.php\/wp-json\/wp\/v2\/media?parent=87"}],"curies":[{"name":"wp","href":"https:\/\/api.w.org\/{rel}","templated":true}]}}