{"id":54,"date":"2019-10-24T14:23:39","date_gmt":"2019-10-24T11:23:39","guid":{"rendered":"http:\/\/demo.safirtema.com\/delta\/?page_id=54"},"modified":"2019-10-24T14:28:16","modified_gmt":"2019-10-24T11:28:16","slug":"basinda-biz","status":"publish","type":"page","link":"https:\/\/eneshaliyikama.com\/index.php\/basinda-biz\/","title":{"rendered":"Bas\u0131nda Biz"},"content":{"rendered":"\n<p>Bu sayfada her g\u00f6rselin yeni sayfada a\u00e7\u0131ld\u0131\u011f\u0131 bir wordpress galerisi bulunmaktad\u0131r. Galeri klasik blok i\u00e7ine standart wordpress galerisi olarak eklenmi\u015ftir. Gutenberg edit\u00f6r\u00fc ile eklenmi\u015f galeri \u00f6rne\u011fi i\u00e7in <a href=\"https:\/\/eneshaliyikama.com\/gutenberg-galeri\/\">t\u0131klay\u0131n\u0131z<\/a>. Galerideki g\u00f6rsellerin temadaki dahili lightbox ile a\u00e7\u0131ld\u0131\u011f\u0131 galeri \u00f6rne\u011fi i\u00e7in t\u0131klay\u0131n\u0131z.<\/p>\n\n\n<div id='gallery-1' class='gallery galleryid-54 gallery-columns-3 gallery-size-thumbnail'><dl class='gallery-item'>\n\t\t\t<dt class='gallery-icon portrait'>\n\t\t\t\t<a href='https:\/\/eneshaliyikama.com\/index.php\/basinda-biz\/11-2\/'><img loading=\"lazy\" decoding=\"async\" width=\"150\" height=\"150\" src=\"https:\/\/eneshaliyikama.com\/wp-content\/uploads\/2019\/10\/11-150x150.jpg\" class=\"attachment-thumbnail size-thumbnail\" alt=\"\" \/><\/a>\n\t\t\t<\/dt><\/dl><dl class='gallery-item'>\n\t\t\t<dt class='gallery-icon portrait'>\n\t\t\t\t<a href='https:\/\/eneshaliyikama.com\/index.php\/basinda-biz\/10-2\/'><img loading=\"lazy\" decoding=\"async\" width=\"150\" height=\"150\" src=\"https:\/\/eneshaliyikama.com\/wp-content\/uploads\/2019\/10\/10-150x150.jpg\" class=\"attachment-thumbnail size-thumbnail\" alt=\"\" \/><\/a>\n\t\t\t<\/dt><\/dl><dl class='gallery-item'>\n\t\t\t<dt class='gallery-icon portrait'>\n\t\t\t\t<a href='https:\/\/eneshaliyikama.com\/index.php\/basinda-biz\/attachment\/9\/'><img loading=\"lazy\" decoding=\"async\" width=\"150\" height=\"150\" src=\"https:\/\/eneshaliyikama.com\/wp-content\/uploads\/2019\/10\/9-150x150.jpg\" class=\"attachment-thumbnail size-thumbnail\" alt=\"\" \/><\/a>\n\t\t\t<\/dt><\/dl><br style=\"clear: both\" \/><dl class='gallery-item'>\n\t\t\t<dt class='gallery-icon portrait'>\n\t\t\t\t<a href='https:\/\/eneshaliyikama.com\/index.php\/basinda-biz\/attachment\/8\/'><img loading=\"lazy\" decoding=\"async\" width=\"150\" height=\"150\" src=\"https:\/\/eneshaliyikama.com\/wp-content\/uploads\/2019\/10\/8-150x150.jpg\" class=\"attachment-thumbnail size-thumbnail\" alt=\"\" \/><\/a>\n\t\t\t<\/dt><\/dl><dl class='gallery-item'>\n\t\t\t<dt class='gallery-icon portrait'>\n\t\t\t\t<a href='https:\/\/eneshaliyikama.com\/index.php\/basinda-biz\/attachment\/7\/'><img loading=\"lazy\" decoding=\"async\" width=\"150\" height=\"150\" src=\"https:\/\/eneshaliyikama.com\/wp-content\/uploads\/2019\/10\/7-150x150.png\" class=\"attachment-thumbnail size-thumbnail\" alt=\"\" \/><\/a>\n\t\t\t<\/dt><\/dl><dl class='gallery-item'>\n\t\t\t<dt class='gallery-icon portrait'>\n\t\t\t\t<a href='https:\/\/eneshaliyikama.com\/index.php\/basinda-biz\/attachment\/5\/'><img loading=\"lazy\" decoding=\"async\" width=\"150\" height=\"150\" src=\"https:\/\/eneshaliyikama.com\/wp-content\/uploads\/2019\/10\/5-150x150.jpg\" class=\"attachment-thumbnail size-thumbnail\" alt=\"\" \/><\/a>\n\t\t\t<\/dt><\/dl><br style=\"clear: both\" \/><dl class='gallery-item'>\n\t\t\t<dt class='gallery-icon portrait'>\n\t\t\t\t<a href='https:\/\/eneshaliyikama.com\/index.php\/basinda-biz\/attachment\/4\/'><img loading=\"lazy\" decoding=\"async\" width=\"150\" height=\"150\" src=\"https:\/\/eneshaliyikama.com\/wp-content\/uploads\/2019\/10\/4-150x150.jpg\" class=\"attachment-thumbnail size-thumbnail\" alt=\"\" \/><\/a>\n\t\t\t<\/dt><\/dl><dl class='gallery-item'>\n\t\t\t<dt class='gallery-icon portrait'>\n\t\t\t\t<a href='https:\/\/eneshaliyikama.com\/index.php\/basinda-biz\/attachment\/3\/'><img loading=\"lazy\" decoding=\"async\" width=\"150\" height=\"150\" src=\"https:\/\/eneshaliyikama.com\/wp-content\/uploads\/2019\/10\/3-150x150.jpg\" class=\"attachment-thumbnail size-thumbnail\" alt=\"\" \/><\/a>\n\t\t\t<\/dt><\/dl><dl class='gallery-item'>\n\t\t\t<dt class='gallery-icon portrait'>\n\t\t\t\t<a href='https:\/\/eneshaliyikama.com\/index.php\/basinda-biz\/attachment\/2\/'><img loading=\"lazy\" decoding=\"async\" width=\"150\" height=\"150\" src=\"https:\/\/eneshaliyikama.com\/wp-content\/uploads\/2019\/10\/2-150x150.jpg\" class=\"attachment-thumbnail size-thumbnail\" alt=\"\" \/><\/a>\n\t\t\t<\/dt><\/dl><br style=\"clear: both\" \/>\n\t\t<\/div>\n","protected":false},"excerpt":{"rendered":"<p>Bu sayfada her g\u00f6rselin yeni sayfada a\u00e7\u0131ld\u0131\u011f\u0131 bir wordpress galerisi bulunmaktad\u0131r. Galeri klasik blok i\u00e7ine standart wordpress galerisi olarak eklenmi\u015ftir. Gutenberg edit\u00f6r\u00fc ile eklenmi\u015f galeri \u00f6rne\u011fi i\u00e7in t\u0131klay\u0131n\u0131z. Galerideki g\u00f6rsellerin temadaki dahili lightbox ile a\u00e7\u0131ld\u0131\u011f\u0131 galeri \u00f6rne\u011fi i\u00e7in t\u0131klay\u0131n\u0131z.<\/p>\n","protected":false},"author":1,"featured_media":0,"parent":0,"menu_order":0,"comment_status":"closed","ping_status":"closed","template":"","meta":{"footnotes":""},"class_list":["post-54","page","type-page","status-publish","hentry"],"_links":{"self":[{"href":"https:\/\/eneshaliyikama.com\/index.php\/wp-json\/wp\/v2\/pages\/54","targetHints":{"allow":["GET"]}}],"collection":[{"href":"https:\/\/eneshaliyikama.com\/index.php\/wp-json\/wp\/v2\/pages"}],"about":[{"href":"https:\/\/eneshaliyikama.com\/index.php\/wp-json\/wp\/v2\/types\/page"}],"author":[{"embeddable":true,"href":"https:\/\/eneshaliyikama.com\/index.php\/wp-json\/wp\/v2\/users\/1"}],"replies":[{"embeddable":true,"href":"https:\/\/eneshaliyikama.com\/index.php\/wp-json\/wp\/v2\/comments?post=54"}],"version-history":[{"count":4,"href":"https:\/\/eneshaliyikama.com\/index.php\/wp-json\/wp\/v2\/pages\/54\/revisions"}],"predecessor-version":[{"id":72,"href":"https:\/\/eneshaliyikama.com\/index.php\/wp-json\/wp\/v2\/pages\/54\/revisions\/72"}],"wp:attachment":[{"href":"https:\/\/eneshaliyikama.com\/index.php\/wp-json\/wp\/v2\/media?parent=54"}],"curies":[{"name":"wp","href":"https:\/\/api.w.org\/{rel}","templated":true}]}}