{"id":100,"date":"2019-10-24T15:35:38","date_gmt":"2019-10-24T12:35:38","guid":{"rendered":"http:\/\/demo.safirtema.com\/delta\/?page_id=100"},"modified":"2023-11-10T14:39:04","modified_gmt":"2023-11-10T11:39:04","slug":"hakkimizda","status":"publish","type":"page","link":"https:\/\/eneshaliyikama.com\/index.php\/hakkimizda\/","title":{"rendered":"Hakk\u0131m\u0131zda"},"content":{"rendered":"\n<figure class=\"wp-block-image\"><img loading=\"lazy\" decoding=\"async\" width=\"1000\" height=\"570\" src=\"https:\/\/eneshaliyikama.com\/wp-content\/uploads\/2019\/10\/about.jpg\" alt=\"\" class=\"wp-image-101\" srcset=\"https:\/\/eneshaliyikama.com\/wp-content\/uploads\/2019\/10\/about.jpg 1000w, https:\/\/eneshaliyikama.com\/wp-content\/uploads\/2019\/10\/about-300x171.jpg 300w, https:\/\/eneshaliyikama.com\/wp-content\/uploads\/2019\/10\/about-768x438.jpg 768w\" sizes=\"auto, (max-width: 1000px) 100vw, 1000px\" \/><\/figure>\n\n\n\n<div class=\"wp-block-safirtema-mainheading mainHeading\"><div class=\"icon icon9\"><\/div><div class=\"text\">Delta Outdoor<\/div><\/div>\n\n\n\n<a class=\"wp-block-safirtema-safirbutton safirButton\" href=\"#\" rel=\"\"><div class=\"icon safiricon\"><svg class=\"safiricon-icon1\"><use href=\"#safiricon-icon1\"><\/use><\/svg><\/div>Buton Metni<\/a>\n\n\n\n<p>Lorem ipsum dolor sit amet, consetetur sadipscing elitr, sed diam nonumy eirmod tempor invidunt ut labore et dolore magna aliquyam erat, sed diam voluptua. At vero eos et accusam et justo duo dolores et ea rebum. Stet clita kasd gubergren, no sea takimata sanctus est Lorem ipsum dolor sit amet. Lorem ipsum dolor sit amet, consetetur sadipscing elitr, sed diam nonumy eirmod tempor invidunt ut labore et dolore magna aliquyam erat, sed diam voluptua.\u00a0<strong>At vero eos et accusam et justo duo dolores<\/strong>\u00a0et ea rebum. Stet clita kasd gubergren, no sea takimata sanctus est Lorem ipsum dolor sit amet. Lorem ipsum dolor sit amet, consetetur sadipscing elitr, sed diam nonumy eirmod tempor invidunt ut labore et dolore magna aliquyam erat, sed diam voluptua. At vero eos et accusam et justo duo dolores et ea rebum. Stet clita kasd gubergren, no sea takimata sanctus est\u00a0<a href=\"http:\/\/safirdemo.com\/denge\/hakkimizda\/#\">Lorem ipsum<\/a>\u00a0dolor sit amet.<\/p>\n\n\n\n<div class=\"wp-block-safirtema-mainheading mainHeading\"><div class=\"icon icon35\"><\/div><div class=\"text\">\u00c7\u00f6z\u00fcm Orta\u011f\u0131n\u0131z<\/div><\/div>\n\n\n\n<ul class=\"wp-block-list\">\n<li>At vero eos et accusam et justo duo dolores et ea rebum. <\/li>\n\n\n\n<li>Stet clita kasd gubergren, no sea takimata sanctus est. <\/li>\n\n\n\n<li>Lorem ipsum dolor sit amet. <\/li>\n\n\n\n<li>Lorem ipsum dolor sit amet, consetetur sadipscing elitr.<\/li>\n<\/ul>\n\n\n\n<p>Lorem ipsum dolor sit amet. Lorem ipsum dolor sit amet, consetetur sadipscing elitr. Lorem ipsum dolor sit amet. Lorem ipsum dolor sit amet, consetetur sadipscing elitr.<\/p>\n\n\n\n<div class=\"wp-block-safirtema-mainheading mainHeading\"><div class=\"icon icon25\"><\/div><div class=\"text\">Nas\u0131l \u00c7al\u0131\u015f\u0131yoruz<\/div><\/div>\n\n\n\n<div class=\"wp-block-safirtema-sorucevap safir-faq\"><div class=\"question\"><div class=\"icon\"><\/div><span class=\"text\">At vero eos et accusam et justo duo dolores et ea rebum?<\/span><div class=\"openclose\"><\/div><\/div><p class=\"answer\">Stet clita kasd gubergren, no sea takimata sanctus est Lorem ipsum dolor sit amet. Lorem ipsum dolor sit amet, consetetur sadipscing elitr, sed diam nonumy eirmod tempor invidunt ut labore et dolore magna aliquyam erat, sed diam voluptua. <strong>At vero eos et accusam<\/strong> et justo duo dolores et ea rebum. Stet clita kasd gubergren, no sea takimata sanctus est Lorem ipsum dolor sit amet. Lorem ipsum dolor sit amet, consetetur sadipscing elitr, At accusam aliquyam diam diam <a href=\"#\">dolore dolores<\/a> duo eirmod eos erat, et nonumy sed tempor et et invidunt justo labore Stet clita ea et gubergren, kasd magna no rebum. sanctus sea sed takimata ut vero voluptua. est Lorem ipsum dolor sit amet. Lorem ipsum dolor sit amet, consetetur sadipscing elitr, sed diam nonumy eirmod tempor invidunt ut labore et dolore magna aliquyam erat.<\/p><\/div>\n\n\n\n<div class=\"wp-block-safirtema-sorucevap safir-faq\"><div class=\"question\"><div class=\"icon\"><\/div><span class=\"text\">Stet clita kasd gubergren?<\/span><div class=\"openclose\"><\/div><\/div><p class=\"answer\">No sea takimata sanctus est Lorem ipsum dolor sit amet. Lorem ipsum dolor sit amet, consetetur sadipscing elitr, sed diam nonumy eirmod tempor invidunt ut labore et dolore magna aliquyam erat, sed diam voluptua. At vero eos et accusam et justo duo dolores et ea rebum. Stet clita kasd gubergren, no sea takimata sanctus est Lorem ipsum dolor sit amet. Lorem ipsum dolor sit amet, consetetur sadipscing elitr, At accusam aliquyam diam diam dolore dolores duo eirmod eos erat, et nonumy sed tempor et et invidunt justo labore Stet clita ea et gubergren, kasd magna no rebum. sanctus sea sed takimata ut vero voluptua. est Lorem ipsum dolor sit amet. Lorem ipsum dolor sit amet, consetetur sadipscing elitr, sed diam nonumy eirmod tempor invidunt ut labore et dolore magna aliquyam erat.<\/p><\/div>\n\n\n\n<p>At vero eos et accusam et justo duo dolores et ea rebum. Stet clita kasd gubergren, no sea takimata sanctus est Lorem ipsum dolor sit amet. Lorem ipsum dolor sit amet, consetetur sadipscing elitr, sed diam nonumy eirmod tempor invidunt ut labore et dolore magna aliquyam erat, sed diam voluptua. At vero eos et accusam et justo duo dolores et ea rebum. <\/p>\n\n\n\n<div class=\"wp-block-safirtema-bgtext descriptionbox buildings\"><div class=\"inner\"><div class=\"icon icon14\"><\/div><div class=\"header\">Stet clita ea et gubergren<\/div><p class=\"content\">Lorem ipsum dolor sit amet. Lorem ipsum dolor sit amet, consetetur sadipscing elitr.<\/p><\/div><\/div>\n\n\n\n<p>Stet clita kasd gubergren, no sea takimata sanctus est Lorem ipsum dolor sit amet. Lorem ipsum dolor sit amet, consetetur sadipscing elitr, At accusam aliquyam diam diam dolore dolores duo eirmod eos erat, et nonumy sed tempor et et invidunt justo labore Stet clita ea et gubergren, kasd magna no rebum. sanctus sea sed takimata ut vero voluptua. est Lorem ipsum dolor sit amet. Lorem ipsum dolor sit amet, consetetur sadipscing elitr, sed diam nonumy eirmod tempor invidunt ut labore et dolore magna aliquyam erat.<\/p>\n","protected":false},"excerpt":{"rendered":"<p>Lorem ipsum dolor sit amet, consetetur sadipscing elitr, sed diam nonumy eirmod tempor invidunt ut labore et dolore magna aliquyam erat, sed diam voluptua. At vero eos et accusam et justo duo dolores et ea rebum. Stet clita kasd gubergren, no sea takimata sanctus est Lorem ipsum dolor sit amet. Lorem ipsum dolor sit amet, [&hellip;]<\/p>\n","protected":false},"author":1,"featured_media":0,"parent":0,"menu_order":0,"comment_status":"closed","ping_status":"closed","template":"","meta":{"footnotes":""},"class_list":["post-100","page","type-page","status-publish","hentry"],"_links":{"self":[{"href":"https:\/\/eneshaliyikama.com\/index.php\/wp-json\/wp\/v2\/pages\/100","targetHints":{"allow":["GET"]}}],"collection":[{"href":"https:\/\/eneshaliyikama.com\/index.php\/wp-json\/wp\/v2\/pages"}],"about":[{"href":"https:\/\/eneshaliyikama.com\/index.php\/wp-json\/wp\/v2\/types\/page"}],"author":[{"embeddable":true,"href":"https:\/\/eneshaliyikama.com\/index.php\/wp-json\/wp\/v2\/users\/1"}],"replies":[{"embeddable":true,"href":"https:\/\/eneshaliyikama.com\/index.php\/wp-json\/wp\/v2\/comments?post=100"}],"version-history":[{"count":7,"href":"https:\/\/eneshaliyikama.com\/index.php\/wp-json\/wp\/v2\/pages\/100\/revisions"}],"predecessor-version":[{"id":386,"href":"https:\/\/eneshaliyikama.com\/index.php\/wp-json\/wp\/v2\/pages\/100\/revisions\/386"}],"wp:attachment":[{"href":"https:\/\/eneshaliyikama.com\/index.php\/wp-json\/wp\/v2\/media?parent=100"}],"curies":[{"name":"wp","href":"https:\/\/api.w.org\/{rel}","templated":true}]}}